{"id":3319,"date":"2021-08-09T23:26:41","date_gmt":"2021-08-09T23:26:41","guid":{"rendered":"https:\/\/orange-infrared.com\/ueber-uns\/"},"modified":"2021-08-25T20:38:19","modified_gmt":"2021-08-25T20:38:19","slug":"ueber-uns","status":"publish","type":"page","link":"https:\/\/orange-infrared.com\/de\/ueber-uns\/","title":{"rendered":"\u00dcber uns"},"content":{"rendered":"\t\t<div data-elementor-type=\"wp-page\" data-elementor-id=\"3319\" class=\"elementor elementor-3319 elementor-2672\" data-elementor-post-type=\"page\">\n\t\t\t\t\t\t<section class=\"elementor-section elementor-top-section elementor-element elementor-element-a9d8513 elementor-section-content-middle elementor-section-boxed elementor-section-height-default elementor-section-height-default\" data-id=\"a9d8513\" data-element_type=\"section\" data-e-type=\"section\" data-settings=\"{&quot;background_background&quot;:&quot;classic&quot;}\">\n\t\t\t\t\t\t<div class=\"elementor-container elementor-column-gap-no\">\n\t\t\t\t\t<div class=\"elementor-column elementor-col-50 elementor-top-column elementor-element elementor-element-563c9af\" data-id=\"563c9af\" data-element_type=\"column\" data-e-type=\"column\">\n\t\t\t<div class=\"elementor-widget-wrap elementor-element-populated\">\n\t\t\t\t\t\t<div class=\"elementor-element elementor-element-ad8f58c elementor-widget elementor-widget-heading\" data-id=\"ad8f58c\" data-element_type=\"widget\" data-e-type=\"widget\" data-widget_type=\"heading.default\">\n\t\t\t\t<div class=\"elementor-widget-container\">\n\t\t\t\t\t<h2 class=\"elementor-heading-title elementor-size-default\">\u00dcber uns<\/h2>\t\t\t\t<\/div>\n\t\t\t\t<\/div>\n\t\t\t\t<div class=\"elementor-element elementor-element-aad2f19 elementor-widget elementor-widget-text-editor\" data-id=\"aad2f19\" data-element_type=\"widget\" data-e-type=\"widget\" data-widget_type=\"text-editor.default\">\n\t\t\t\t<div class=\"elementor-widget-container\">\n\t\t\t\t\t\t\t\t\t<p>Mit jahrelanger Erfahrung in der Bau- und Installationswelt wurde schnell klar, dass das Heizen mit Infrarot-Strahlungsw\u00e4rme einen wichtigeren Platz verdient, wenn es um eine L\u00f6sung zur effizienten Beheizung von R\u00e4umen geht. Diese Art der Heizung ist eine hervorragende L\u00f6sung, insbesondere in Badezimmern, in denen die herk\u00f6mmliche Heizung allzu oft zu w\u00fcnschen \u00fcbrig l\u00e4sst. Da die Installation der notwendigen zus\u00e4tzlichen Steckdosen oftmals schwierig und kostenaufwendig ist, haben wir die Galaxy-Panels entwickelt, die einfach auf dem vorhandenen Lichtpunkt ihre Arbeit verrichten!<\/p>\n<p>Ein einfaches und erschwingliches Produkt ohne schwierige architektonische oder installationstechnische Eingriffe, das W\u00e4rme, Komfort und Licht dorthin bringt, wo und wann es ben\u00f6tigt wird.<\/p>\n<p>Die Produktentwicklung und die Produktion erfolgt vollst\u00e4ndig in-house in den Niederlanden, so dass die Qualit\u00e4t jederzeit gew\u00e4hrleistet ist.<\/p>\n<p>Kontaktieren Sie uns gerne f\u00fcr eine unverbindliche Beratung.<\/p>\n<p>Team Orange Infrarot <\/p>\n\t\t\t\t\t\t\t\t<\/div>\n\t\t\t\t<\/div>\n\t\t\t\t<div class=\"elementor-element elementor-element-4bb6eaf elementor-widget elementor-widget-button\" data-id=\"4bb6eaf\" data-element_type=\"widget\" data-e-type=\"widget\" data-widget_type=\"button.default\">\n\t\t\t\t<div class=\"elementor-widget-container\">\n\t\t\t\t\t\t\t\t\t<div class=\"elementor-button-wrapper\">\n\t\t\t\t\t<a class=\"elementor-button elementor-button-link elementor-size-sm\" href=\"https:\/\/orange-infrared.com\/de\/kontact\/\">\n\t\t\t\t\t\t<span class=\"elementor-button-content-wrapper\">\n\t\t\t\t\t\t\t\t\t<span class=\"elementor-button-text\">Kontaktieren Sie uns<\/span>\n\t\t\t\t\t<\/span>\n\t\t\t\t\t<\/a>\n\t\t\t\t<\/div>\n\t\t\t\t\t\t\t\t<\/div>\n\t\t\t\t<\/div>\n\t\t\t\t\t<\/div>\n\t\t<\/div>\n\t\t\t\t<div class=\"elementor-column elementor-col-50 elementor-top-column elementor-element elementor-element-923d494\" data-id=\"923d494\" data-element_type=\"column\" data-e-type=\"column\" data-settings=\"{&quot;background_background&quot;:&quot;classic&quot;}\">\n\t\t\t<div class=\"elementor-widget-wrap elementor-element-populated\">\n\t\t\t\t\t\t<div class=\"elementor-element elementor-element-863de10 elementor-widget elementor-widget-image\" data-id=\"863de10\" data-element_type=\"widget\" data-e-type=\"widget\" data-widget_type=\"image.default\">\n\t\t\t\t<div class=\"elementor-widget-container\">\n\t\t\t\t\t\t\t\t\t\t\t\t\t\t\t<img fetchpriority=\"high\" decoding=\"async\" width=\"576\" height=\"576\" src=\"https:\/\/i0.wp.com\/orange-infrared.com\/wp-content\/uploads\/2021\/07\/dame-bad.jpg?fit=576%2C576&amp;ssl=1\" class=\"attachment-large size-large wp-image-2824\" alt=\"\" srcset=\"https:\/\/i0.wp.com\/orange-infrared.com\/wp-content\/uploads\/2021\/07\/dame-bad.jpg?resize=150%2C150&amp;ssl=1 150w, https:\/\/i0.wp.com\/orange-infrared.com\/wp-content\/uploads\/2021\/07\/dame-bad.jpg?resize=100%2C100&amp;ssl=1 100w\" sizes=\"(max-width: 576px) 100vw, 576px\" \/>\t\t\t\t\t\t\t\t\t\t\t\t\t\t\t<\/div>\n\t\t\t\t<\/div>\n\t\t\t\t\t<\/div>\n\t\t<\/div>\n\t\t\t\t\t<\/div>\n\t\t<\/section>\n\t\t\t\t<\/div>\n\t\t","protected":false},"excerpt":{"rendered":"<p>\u00dcber uns Mit jahrelanger Erfahrung in der Bau- und Installationswelt wurde schnell klar, dass das Heizen mit Infrarot-Strahlungsw\u00e4rme einen wichtigeren Platz verdient, wenn es um eine L\u00f6sung zur effizienten Beheizung von R\u00e4umen geht. Diese Art der Heizung ist eine hervorragende L\u00f6sung, insbesondere in Badezimmern, in denen die herk\u00f6mmliche Heizung allzu oft zu w\u00fcnschen \u00fcbrig l\u00e4sst. &hellip;<\/p>\n<p class=\"read-more\"> <a class=\"\" href=\"https:\/\/orange-infrared.com\/de\/ueber-uns\/\"> <span class=\"screen-reader-text\">\u00dcber uns<\/span> Weiterlesen &raquo;<\/a><\/p>\n","protected":false},"author":1,"featured_media":0,"parent":0,"menu_order":0,"comment_status":"closed","ping_status":"closed","template":"","meta":{"_monsterinsights_skip_tracking":false,"_monsterinsights_sitenote_active":false,"_monsterinsights_sitenote_note":"","_monsterinsights_sitenote_category":0,"site-sidebar-layout":"no-sidebar","site-content-layout":"page-builder","ast-global-header-display":"","ast-banner-title-visibility":"","ast-main-header-display":"","ast-hfb-above-header-display":"","ast-hfb-below-header-display":"","ast-hfb-mobile-header-display":"","site-post-title":"disabled","ast-breadcrumbs-content":"","ast-featured-img":"disabled","footer-sml-layout":"","theme-transparent-header-meta":"default","adv-header-id-meta":"","stick-header-meta":"","header-above-stick-meta":"","header-main-stick-meta":"","header-below-stick-meta":"","footnotes":""},"class_list":["post-3319","page","type-page","status-publish","hentry"],"yoast_head":"<!-- This site is optimized with the Yoast SEO Premium plugin v26.6 (Yoast SEO v27.3) - https:\/\/yoast.com\/product\/yoast-seo-premium-wordpress\/ -->\n<title>\u00dcber uns - Orange Infrared - Heating Solutions<\/title>\n<meta name=\"description\" content=\"\u00dcber uns Mit jahrelanger Erfahrung in der Bau- und Installationswelt wurde schnell klar, dass das Heizen mit Infrarot-Strahlungsw\u00e4rme einen wichtigeren\" \/>\n<meta name=\"robots\" content=\"noindex, follow\" \/>\n<meta property=\"og:locale\" content=\"de_DE\" \/>\n<meta property=\"og:type\" content=\"article\" \/>\n<meta property=\"og:title\" content=\"\u00dcber uns\" \/>\n<meta property=\"og:description\" content=\"\u00dcber uns Mit jahrelanger Erfahrung in der Bau- und Installationswelt wurde schnell klar, dass das Heizen mit Infrarot-Strahlungsw\u00e4rme einen wichtigeren\" \/>\n<meta property=\"og:url\" content=\"https:\/\/orange-infrared.com\/de\/ueber-uns\/\" \/>\n<meta property=\"og:site_name\" content=\"Orange Infrared - Heating Solutions\" \/>\n<meta property=\"article:modified_time\" content=\"2021-08-25T20:38:19+00:00\" \/>\n<meta property=\"og:image\" content=\"https:\/\/i0.wp.com\/orange-infrared.com\/wp-content\/uploads\/2021\/07\/dame-bad.jpg?fit=768%2C576&amp;ssl=1\" \/>\n<meta name=\"twitter:card\" content=\"summary_large_image\" \/>\n<meta name=\"twitter:label1\" content=\"Gesch\u00e4tzte Lesezeit\" \/>\n\t<meta name=\"twitter:data1\" content=\"1\u00a0Minute\" \/>\n<script type=\"application\/ld+json\" class=\"yoast-schema-graph\">{\"@context\":\"https:\\\/\\\/schema.org\",\"@graph\":[{\"@type\":\"WebPage\",\"@id\":\"https:\\\/\\\/orange-infrared.com\\\/de\\\/ueber-uns\\\/\",\"url\":\"https:\\\/\\\/orange-infrared.com\\\/de\\\/ueber-uns\\\/\",\"name\":\"\u00dcber uns - Orange Infrared - Heating Solutions\",\"isPartOf\":{\"@id\":\"https:\\\/\\\/orange-infrared.com\\\/de\\\/#website\"},\"primaryImageOfPage\":{\"@id\":\"https:\\\/\\\/orange-infrared.com\\\/de\\\/ueber-uns\\\/#primaryimage\"},\"image\":{\"@id\":\"https:\\\/\\\/orange-infrared.com\\\/de\\\/ueber-uns\\\/#primaryimage\"},\"thumbnailUrl\":\"https:\\\/\\\/i0.wp.com\\\/orange-infrared.com\\\/wp-content\\\/uploads\\\/2021\\\/07\\\/dame-bad.jpg?fit=768%2C576&amp;ssl=1\",\"datePublished\":\"2021-08-09T23:26:41+00:00\",\"dateModified\":\"2021-08-25T20:38:19+00:00\",\"description\":\"\u00dcber uns Mit jahrelanger Erfahrung in der Bau- und Installationswelt wurde schnell klar, dass das Heizen mit Infrarot-Strahlungsw\u00e4rme einen wichtigeren\",\"breadcrumb\":{\"@id\":\"https:\\\/\\\/orange-infrared.com\\\/de\\\/ueber-uns\\\/#breadcrumb\"},\"inLanguage\":\"de\",\"potentialAction\":[{\"@type\":\"ReadAction\",\"target\":[\"https:\\\/\\\/orange-infrared.com\\\/de\\\/ueber-uns\\\/\"]}]},{\"@type\":\"ImageObject\",\"inLanguage\":\"de\",\"@id\":\"https:\\\/\\\/orange-infrared.com\\\/de\\\/ueber-uns\\\/#primaryimage\",\"url\":\"https:\\\/\\\/i0.wp.com\\\/orange-infrared.com\\\/wp-content\\\/uploads\\\/2021\\\/07\\\/dame-bad.jpg?fit=768%2C576&amp;ssl=1\",\"contentUrl\":\"https:\\\/\\\/i0.wp.com\\\/orange-infrared.com\\\/wp-content\\\/uploads\\\/2021\\\/07\\\/dame-bad.jpg?fit=768%2C576&amp;ssl=1\"},{\"@type\":\"BreadcrumbList\",\"@id\":\"https:\\\/\\\/orange-infrared.com\\\/de\\\/ueber-uns\\\/#breadcrumb\",\"itemListElement\":[{\"@type\":\"ListItem\",\"position\":1,\"name\":\"Home\",\"item\":\"https:\\\/\\\/orange-infrared.com\\\/de\\\/\"},{\"@type\":\"ListItem\",\"position\":2,\"name\":\"\u00dcber uns\"}]},{\"@type\":\"WebSite\",\"@id\":\"https:\\\/\\\/orange-infrared.com\\\/de\\\/#website\",\"url\":\"https:\\\/\\\/orange-infrared.com\\\/de\\\/\",\"name\":\"Orange Infrared - Heating Solutions\",\"description\":\"verwamingsproducten met ge\u00efntegreerde verlichting\",\"publisher\":{\"@id\":\"https:\\\/\\\/orange-infrared.com\\\/de\\\/#organization\"},\"potentialAction\":[{\"@type\":\"SearchAction\",\"target\":{\"@type\":\"EntryPoint\",\"urlTemplate\":\"https:\\\/\\\/orange-infrared.com\\\/de\\\/?s={search_term_string}\"},\"query-input\":{\"@type\":\"PropertyValueSpecification\",\"valueRequired\":true,\"valueName\":\"search_term_string\"}}],\"inLanguage\":\"de\"},{\"@type\":\"Organization\",\"@id\":\"https:\\\/\\\/orange-infrared.com\\\/de\\\/#organization\",\"name\":\"Orange Infrared Heating Solutions\",\"url\":\"https:\\\/\\\/orange-infrared.com\\\/de\\\/\",\"logo\":{\"@type\":\"ImageObject\",\"inLanguage\":\"de\",\"@id\":\"https:\\\/\\\/orange-infrared.com\\\/de\\\/#\\\/schema\\\/logo\\\/image\\\/\",\"url\":\"https:\\\/\\\/orange-infrared.com\\\/wp-content\\\/uploads\\\/2021\\\/06\\\/cropped-flavico-1.png\",\"contentUrl\":\"https:\\\/\\\/orange-infrared.com\\\/wp-content\\\/uploads\\\/2021\\\/06\\\/cropped-flavico-1.png\",\"width\":512,\"height\":512,\"caption\":\"Orange Infrared Heating Solutions\"},\"image\":{\"@id\":\"https:\\\/\\\/orange-infrared.com\\\/de\\\/#\\\/schema\\\/logo\\\/image\\\/\"},\"sameAs\":[\"https:\\\/\\\/www.youtube.com\\\/channel\\\/UCaSa-j8Uaxa9Mg-5MY1LM1A\"]}]}<\/script>\n<!-- \/ Yoast SEO Premium plugin. -->","yoast_head_json":{"title":"\u00dcber uns - Orange Infrared - Heating Solutions","description":"\u00dcber uns Mit jahrelanger Erfahrung in der Bau- und Installationswelt wurde schnell klar, dass das Heizen mit Infrarot-Strahlungsw\u00e4rme einen wichtigeren","robots":{"index":"noindex","follow":"follow"},"og_locale":"de_DE","og_type":"article","og_title":"\u00dcber uns","og_description":"\u00dcber uns Mit jahrelanger Erfahrung in der Bau- und Installationswelt wurde schnell klar, dass das Heizen mit Infrarot-Strahlungsw\u00e4rme einen wichtigeren","og_url":"https:\/\/orange-infrared.com\/de\/ueber-uns\/","og_site_name":"Orange Infrared - Heating Solutions","article_modified_time":"2021-08-25T20:38:19+00:00","og_image":[{"url":"https:\/\/i0.wp.com\/orange-infrared.com\/wp-content\/uploads\/2021\/07\/dame-bad.jpg?fit=768%2C576&amp;ssl=1","type":"","width":"","height":""}],"twitter_card":"summary_large_image","twitter_misc":{"Gesch\u00e4tzte Lesezeit":"1\u00a0Minute"},"schema":{"@context":"https:\/\/schema.org","@graph":[{"@type":"WebPage","@id":"https:\/\/orange-infrared.com\/de\/ueber-uns\/","url":"https:\/\/orange-infrared.com\/de\/ueber-uns\/","name":"\u00dcber uns - Orange Infrared - Heating Solutions","isPartOf":{"@id":"https:\/\/orange-infrared.com\/de\/#website"},"primaryImageOfPage":{"@id":"https:\/\/orange-infrared.com\/de\/ueber-uns\/#primaryimage"},"image":{"@id":"https:\/\/orange-infrared.com\/de\/ueber-uns\/#primaryimage"},"thumbnailUrl":"https:\/\/i0.wp.com\/orange-infrared.com\/wp-content\/uploads\/2021\/07\/dame-bad.jpg?fit=768%2C576&amp;ssl=1","datePublished":"2021-08-09T23:26:41+00:00","dateModified":"2021-08-25T20:38:19+00:00","description":"\u00dcber uns Mit jahrelanger Erfahrung in der Bau- und Installationswelt wurde schnell klar, dass das Heizen mit Infrarot-Strahlungsw\u00e4rme einen wichtigeren","breadcrumb":{"@id":"https:\/\/orange-infrared.com\/de\/ueber-uns\/#breadcrumb"},"inLanguage":"de","potentialAction":[{"@type":"ReadAction","target":["https:\/\/orange-infrared.com\/de\/ueber-uns\/"]}]},{"@type":"ImageObject","inLanguage":"de","@id":"https:\/\/orange-infrared.com\/de\/ueber-uns\/#primaryimage","url":"https:\/\/i0.wp.com\/orange-infrared.com\/wp-content\/uploads\/2021\/07\/dame-bad.jpg?fit=768%2C576&amp;ssl=1","contentUrl":"https:\/\/i0.wp.com\/orange-infrared.com\/wp-content\/uploads\/2021\/07\/dame-bad.jpg?fit=768%2C576&amp;ssl=1"},{"@type":"BreadcrumbList","@id":"https:\/\/orange-infrared.com\/de\/ueber-uns\/#breadcrumb","itemListElement":[{"@type":"ListItem","position":1,"name":"Home","item":"https:\/\/orange-infrared.com\/de\/"},{"@type":"ListItem","position":2,"name":"\u00dcber uns"}]},{"@type":"WebSite","@id":"https:\/\/orange-infrared.com\/de\/#website","url":"https:\/\/orange-infrared.com\/de\/","name":"Orange Infrared - Heating Solutions","description":"verwamingsproducten met ge\u00efntegreerde verlichting","publisher":{"@id":"https:\/\/orange-infrared.com\/de\/#organization"},"potentialAction":[{"@type":"SearchAction","target":{"@type":"EntryPoint","urlTemplate":"https:\/\/orange-infrared.com\/de\/?s={search_term_string}"},"query-input":{"@type":"PropertyValueSpecification","valueRequired":true,"valueName":"search_term_string"}}],"inLanguage":"de"},{"@type":"Organization","@id":"https:\/\/orange-infrared.com\/de\/#organization","name":"Orange Infrared Heating Solutions","url":"https:\/\/orange-infrared.com\/de\/","logo":{"@type":"ImageObject","inLanguage":"de","@id":"https:\/\/orange-infrared.com\/de\/#\/schema\/logo\/image\/","url":"https:\/\/orange-infrared.com\/wp-content\/uploads\/2021\/06\/cropped-flavico-1.png","contentUrl":"https:\/\/orange-infrared.com\/wp-content\/uploads\/2021\/06\/cropped-flavico-1.png","width":512,"height":512,"caption":"Orange Infrared Heating Solutions"},"image":{"@id":"https:\/\/orange-infrared.com\/de\/#\/schema\/logo\/image\/"},"sameAs":["https:\/\/www.youtube.com\/channel\/UCaSa-j8Uaxa9Mg-5MY1LM1A"]}]}},"jetpack-related-posts":[],"jetpack_sharing_enabled":true,"_links":{"self":[{"href":"https:\/\/orange-infrared.com\/de\/wp-json\/wp\/v2\/pages\/3319","targetHints":{"allow":["GET"]}}],"collection":[{"href":"https:\/\/orange-infrared.com\/de\/wp-json\/wp\/v2\/pages"}],"about":[{"href":"https:\/\/orange-infrared.com\/de\/wp-json\/wp\/v2\/types\/page"}],"author":[{"embeddable":true,"href":"https:\/\/orange-infrared.com\/de\/wp-json\/wp\/v2\/users\/1"}],"replies":[{"embeddable":true,"href":"https:\/\/orange-infrared.com\/de\/wp-json\/wp\/v2\/comments?post=3319"}],"version-history":[{"count":20,"href":"https:\/\/orange-infrared.com\/de\/wp-json\/wp\/v2\/pages\/3319\/revisions"}],"predecessor-version":[{"id":4098,"href":"https:\/\/orange-infrared.com\/de\/wp-json\/wp\/v2\/pages\/3319\/revisions\/4098"}],"wp:attachment":[{"href":"https:\/\/orange-infrared.com\/de\/wp-json\/wp\/v2\/media?parent=3319"}],"curies":[{"name":"wp","href":"https:\/\/api.w.org\/{rel}","templated":true}]}}