{"id":3490,"date":"2021-07-28T12:43:26","date_gmt":"2021-08-11T12:00:46","guid":{"rendered":"https:\/\/orange-infrared.com\/winkel\/galaxy-mini-p3di310iws\/"},"modified":"2021-08-22T20:04:39","modified_gmt":"2021-08-22T20:04:39","slug":"galaxy-mini-p3di310iws","status":"publish","type":"product","link":"https:\/\/orange-infrared.com\/de\/shop\/galaxy-mini-p3di310iws\/","title":{"rendered":"Galaxy Mini-P3di310iWS"},"content":{"rendered":"<p><strong>Infrarotstrahlung Panelgr\u00f6\u00dfe ca. 60(l)x60(b) x 5(h)cm<\/strong><br \/>\n\u2022 das Galaxy Panel hat eine Heizleistung von ca. 300 Watt und eignet sich zur Hauptheizung von R\u00e4umen bis 6m2 Grundfl\u00e4che (B\u00e4der 3-4 m2)<br \/>\n\u2022 Oberfl\u00e4chenstruktur: glatt<br \/>\n\u2022 Farbe: Fotodruck Ihrer Wahl<br \/>\n\u2022 Qualit\u00e4t: Klasse 1 (h\u00f6chste Umwandlung in Infrarotstrahlung) durch Carbon\/Graphen (Nano) Infrarotstrahlungselement (Infrarotpanel)<br \/>\n\u2022 besonders geeignet zur Zusatz- oder Hauptheizung einer Toilette oder eines kleinen Badezimmers<br \/>\n\u2022 attraktives Design, rahmenlose und schr\u00e4ge R\u00fcckseiten f\u00fcr einen schlanken \u201eFloating-Effekt\u201c<br \/>\n\u2022 sehr leicht, nur 3,0 kg und daher an fast allen Decken montierbar<br \/>\n\u2022 die Au\u00dfenseite des Paneels inklusive Heizelement ist aus Kunststoff und somit korrosionsfrei, IP-Klasse 44, durch diese Kunststoffkonstruktion ist keine Erdung erforderlich<br \/>\n\u2022 das Element ist eine 100% wartungsfreie Heizung (au\u00dfer bei Batteriewechsel)<br \/>\n\u2022 die integrierte Beleuchtung besteht aus einer sparsamen (A+) LED-Lampe, Verbrauch ca. 7 Watt (460 Lm vergleichbar mit 40 Watt traditionell), Lichtfarbe: warmwei\u00df 2.700K, Beleuchtungswinkel: 110 Grad System: 3-stufig dimmbar 25 %-50% 100%. Boot-LED bei 100 %.<br \/>\n\u2022 Anschluss an vorhandene Lichtpunktverkabelung: 3-adrig: Null (blau), Phase (braun) und Schaltader (schwarz) f\u00fcr die Installation, Heizung und Beleuchtung werden getrennt geschaltet, heizen drahtlos, die Beleuchtung mit vorhandener Verkabelung<br \/>\n\u2022 die Heizung schaltet sich mit dem kabellosen programmierbaren Thermostat ein, der \u00fcber eine App gesteuert werden kann, LCD-Grunddisplaytyp: 310iRF, kann auch manuell bedient werden (Batterien 2x AA enthalten), Ein\/Aus ist auf dem Display und \u00fcber das Signal sichtbar LED seitlich am Panel (an 1x Stirnseite)<br \/>\n\u2022 Sie schalten die Beleuchtung mit Ihrem vorhandenen Wandschalter, der Vorteil hierbei ist, dass keine Batterien verbraucht werden und das Schaltmaterial erhalten bleiben kann. Die Timerfunktion wird hiermit aufgehoben.<br \/>\n\u2022 Die Montage\/Installation besteht im Allgemeinen aus dem Anbringen der Bohrschablone, dem Bohren von 4 L\u00f6chern, dem Anbringen von D\u00fcbeln und Befestigungsschrauben, dem Anschlie\u00dfen der Deckenverkabelung an das Panel und dem Anbringen von Wandschalter und Thermostat. Dies kann in der Regel innerhalb von 2 Stunden erreicht werden<br \/>\n\u2022 Lieferung komplett mit Anleitung, Bohr-\/Montageschablone und Befestigungselementen<br \/>\n\u2022 Sie erhalten 12 Jahre Produktgarantie auf das Galaxy-Heizelement, 5 Jahre auf die anderen Elemente im Paket<\/p>\n<p>&nbsp;<\/p>\n","protected":false},"excerpt":{"rendered":"<p><span style=\"color: #333333;\"><strong>Infrarot-Heizpaneel mit integrierter Beleuchtung:<\/strong><\/span><br \/>\n\u2022 Abmessungen: 60 (B) x 60 (L) x 5 (H) cm<br \/>\n\u2022 Heizleistung: 300 Watt mittels Carbon-Grafen (Heizelement), zu beheizende Fl\u00e4che bis 6m2<br \/>\n\u2022 Oberfl\u00e4che: glatt<br \/>\n\u2022 Farbe: Fotodruck nach Wahl<br \/>\n\u2022 Dreileiter-Stromversorgung (Neutralleiter, Phase und Schaltleiter)<br \/>\n\u2022 Beleuchtungsart: direkt 1x LED-Spot<br \/>\n\u2022 Beleuchtung ein\/aus: \u00fcber vorhandenen Wandschalter<br \/>\n\u2022 Heizung ein\/aus: voll programmierbarer drahtloser WiFi-Thermostat-Basis-LCD-Bildschirm<br \/>\n\u2022 komplett mit: Befestigungsmaterial, Bohrschablone, Handbuch, Verpackung-Versandkosten<\/p>\n","protected":false},"featured_media":2952,"template":"","meta":{"_monsterinsights_skip_tracking":false,"_monsterinsights_sitenote_active":false,"_monsterinsights_sitenote_note":"","_monsterinsights_sitenote_category":0,"site-sidebar-layout":"default","site-content-layout":"default","ast-global-header-display":"","ast-banner-title-visibility":"","ast-main-header-display":"","ast-hfb-above-header-display":"","ast-hfb-below-header-display":"","ast-hfb-mobile-header-display":"","site-post-title":"","ast-breadcrumbs-content":"","ast-featured-img":"","footer-sml-layout":"","theme-transparent-header-meta":"default","adv-header-id-meta":"","stick-header-meta":"","header-above-stick-meta":"","header-main-stick-meta":"","header-below-stick-meta":""},"product_brand":[],"product_cat":[73],"product_tag":[81],"class_list":{"0":"post-3490","1":"product","2":"type-product","3":"status-publish","4":"has-post-thumbnail","6":"product_cat-galaxy-mini-de","7":"product_tag-3-kabel","8":"pa_kleur-paneel-fotodruck","9":"pa_type-aansluiting-3-leiter","10":"pa_type-schakelaar-verlichting-bestehender-wandschalter","11":"pa_type-thermostaat-wifi-thermostat-programmierbar-310irf","12":"pa_type-verlichting-direkte-beleuchtung-durch-led-strahler","13":"desktop-align-left","14":"tablet-align-left","15":"mobile-align-left","17":"first","18":"instock","19":"sale","20":"taxable","21":"shipping-taxable","22":"purchasable","23":"product-type-simple"},"yoast_head":"<!-- This site is optimized with the Yoast SEO Premium plugin v26.6 (Yoast SEO v27.3) - https:\/\/yoast.com\/product\/yoast-seo-premium-wordpress\/ -->\n<title>Galaxy Mini-P3di310iWS - Orange Infrared - Heating Solutions<\/title>\n<meta name=\"robots\" content=\"index, follow, max-snippet:-1, max-image-preview:large, max-video-preview:-1\" \/>\n<link rel=\"canonical\" href=\"https:\/\/orange-infrared.com\/de\/shop\/galaxy-mini-p3di310iws\/\" \/>\n<meta property=\"og:locale\" content=\"de_DE\" \/>\n<meta property=\"og:type\" content=\"article\" \/>\n<meta property=\"og:title\" content=\"Galaxy Mini-P3di310iWS\" \/>\n<meta property=\"og:description\" content=\"Infrarot-Heizpaneel mit integrierter Beleuchtung: \u2022 Abmessungen: 60 (B) x 60 (L) x 5 (H) cm \u2022 Heizleistung: 300 Watt mittels Carbon-Grafen (Heizelement), zu beheizende Fl\u00e4che bis 6m2 \u2022 Oberfl\u00e4che: glatt \u2022 Farbe: Fotodruck nach Wahl \u2022 Dreileiter-Stromversorgung (Neutralleiter, Phase und Schaltleiter) \u2022 Beleuchtungsart: direkt 1x LED-Spot \u2022 Beleuchtung ein\/aus: \u00fcber vorhandenen Wandschalter \u2022 Heizung ein\/aus: voll programmierbarer drahtloser WiFi-Thermostat-Basis-LCD-Bildschirm \u2022 komplett mit: Befestigungsmaterial, Bohrschablone, Handbuch, Verpackung-Versandkosten\" \/>\n<meta property=\"og:url\" content=\"https:\/\/orange-infrared.com\/de\/shop\/galaxy-mini-p3di310iws\/\" \/>\n<meta property=\"og:site_name\" content=\"Orange Infrared - Heating Solutions\" \/>\n<meta property=\"article:modified_time\" content=\"2021-08-22T20:04:39+00:00\" \/>\n<meta property=\"og:image\" content=\"https:\/\/i0.wp.com\/orange-infrared.com\/wp-content\/uploads\/2021\/07\/galaxy-mini-smal.jpg?fit=800%2C600&ssl=1\" \/>\n\t<meta property=\"og:image:width\" content=\"800\" \/>\n\t<meta property=\"og:image:height\" content=\"600\" \/>\n\t<meta property=\"og:image:type\" content=\"image\/jpeg\" \/>\n<meta name=\"twitter:card\" content=\"summary_large_image\" \/>\n<meta name=\"twitter:label1\" content=\"Gesch\u00e4tzte Lesezeit\" \/>\n\t<meta name=\"twitter:data1\" content=\"2\u00a0Minuten\" \/>\n<script type=\"application\/ld+json\" class=\"yoast-schema-graph\">{\"@context\":\"https:\\\/\\\/schema.org\",\"@graph\":[{\"@type\":\"WebPage\",\"@id\":\"https:\\\/\\\/orange-infrared.com\\\/de\\\/shop\\\/galaxy-mini-p3di310iws\\\/\",\"url\":\"https:\\\/\\\/orange-infrared.com\\\/de\\\/shop\\\/galaxy-mini-p3di310iws\\\/\",\"name\":\"Galaxy Mini-P3di310iWS - Orange Infrared - Heating Solutions\",\"isPartOf\":{\"@id\":\"https:\\\/\\\/orange-infrared.com\\\/de\\\/#website\"},\"primaryImageOfPage\":{\"@id\":\"https:\\\/\\\/orange-infrared.com\\\/de\\\/shop\\\/galaxy-mini-p3di310iws\\\/#primaryimage\"},\"image\":{\"@id\":\"https:\\\/\\\/orange-infrared.com\\\/de\\\/shop\\\/galaxy-mini-p3di310iws\\\/#primaryimage\"},\"thumbnailUrl\":\"https:\\\/\\\/i0.wp.com\\\/orange-infrared.com\\\/wp-content\\\/uploads\\\/2021\\\/07\\\/galaxy-mini-smal.jpg?fit=800%2C600&ssl=1\",\"datePublished\":\"2021-08-11T12:00:46+00:00\",\"dateModified\":\"2021-08-22T20:04:39+00:00\",\"breadcrumb\":{\"@id\":\"https:\\\/\\\/orange-infrared.com\\\/de\\\/shop\\\/galaxy-mini-p3di310iws\\\/#breadcrumb\"},\"inLanguage\":\"de\",\"potentialAction\":[{\"@type\":\"ReadAction\",\"target\":[\"https:\\\/\\\/orange-infrared.com\\\/de\\\/shop\\\/galaxy-mini-p3di310iws\\\/\"]}]},{\"@type\":\"ImageObject\",\"inLanguage\":\"de\",\"@id\":\"https:\\\/\\\/orange-infrared.com\\\/de\\\/shop\\\/galaxy-mini-p3di310iws\\\/#primaryimage\",\"url\":\"https:\\\/\\\/i0.wp.com\\\/orange-infrared.com\\\/wp-content\\\/uploads\\\/2021\\\/07\\\/galaxy-mini-smal.jpg?fit=800%2C600&ssl=1\",\"contentUrl\":\"https:\\\/\\\/i0.wp.com\\\/orange-infrared.com\\\/wp-content\\\/uploads\\\/2021\\\/07\\\/galaxy-mini-smal.jpg?fit=800%2C600&ssl=1\",\"width\":800,\"height\":600,\"caption\":\"Galaxie Mini\"},{\"@type\":\"BreadcrumbList\",\"@id\":\"https:\\\/\\\/orange-infrared.com\\\/de\\\/shop\\\/galaxy-mini-p3di310iws\\\/#breadcrumb\",\"itemListElement\":[{\"@type\":\"ListItem\",\"position\":1,\"name\":\"Home\",\"item\":\"https:\\\/\\\/orange-infrared.com\\\/de\\\/\"},{\"@type\":\"ListItem\",\"position\":2,\"name\":\"Shop\",\"item\":\"https:\\\/\\\/orange-infrared.com\\\/de\\\/shop\\\/\"},{\"@type\":\"ListItem\",\"position\":3,\"name\":\"Galaxy Mini-P3di310iWS\"}]},{\"@type\":\"WebSite\",\"@id\":\"https:\\\/\\\/orange-infrared.com\\\/de\\\/#website\",\"url\":\"https:\\\/\\\/orange-infrared.com\\\/de\\\/\",\"name\":\"Orange Infrared - Heating Solutions\",\"description\":\"verwamingsproducten met ge\u00efntegreerde verlichting\",\"publisher\":{\"@id\":\"https:\\\/\\\/orange-infrared.com\\\/de\\\/#organization\"},\"potentialAction\":[{\"@type\":\"SearchAction\",\"target\":{\"@type\":\"EntryPoint\",\"urlTemplate\":\"https:\\\/\\\/orange-infrared.com\\\/de\\\/?s={search_term_string}\"},\"query-input\":{\"@type\":\"PropertyValueSpecification\",\"valueRequired\":true,\"valueName\":\"search_term_string\"}}],\"inLanguage\":\"de\"},{\"@type\":\"Organization\",\"@id\":\"https:\\\/\\\/orange-infrared.com\\\/de\\\/#organization\",\"name\":\"Orange Infrared Heating Solutions\",\"url\":\"https:\\\/\\\/orange-infrared.com\\\/de\\\/\",\"logo\":{\"@type\":\"ImageObject\",\"inLanguage\":\"de\",\"@id\":\"https:\\\/\\\/orange-infrared.com\\\/de\\\/#\\\/schema\\\/logo\\\/image\\\/\",\"url\":\"https:\\\/\\\/orange-infrared.com\\\/wp-content\\\/uploads\\\/2021\\\/06\\\/cropped-flavico-1.png\",\"contentUrl\":\"https:\\\/\\\/orange-infrared.com\\\/wp-content\\\/uploads\\\/2021\\\/06\\\/cropped-flavico-1.png\",\"width\":512,\"height\":512,\"caption\":\"Orange Infrared Heating Solutions\"},\"image\":{\"@id\":\"https:\\\/\\\/orange-infrared.com\\\/de\\\/#\\\/schema\\\/logo\\\/image\\\/\"},\"sameAs\":[\"https:\\\/\\\/www.youtube.com\\\/channel\\\/UCaSa-j8Uaxa9Mg-5MY1LM1A\"]}]}<\/script>\n<!-- \/ Yoast SEO Premium plugin. -->","yoast_head_json":{"title":"Galaxy Mini-P3di310iWS - Orange Infrared - Heating Solutions","robots":{"index":"index","follow":"follow","max-snippet":"max-snippet:-1","max-image-preview":"max-image-preview:large","max-video-preview":"max-video-preview:-1"},"canonical":"https:\/\/orange-infrared.com\/de\/shop\/galaxy-mini-p3di310iws\/","og_locale":"de_DE","og_type":"article","og_title":"Galaxy Mini-P3di310iWS","og_description":"Infrarot-Heizpaneel mit integrierter Beleuchtung: \u2022 Abmessungen: 60 (B) x 60 (L) x 5 (H) cm \u2022 Heizleistung: 300 Watt mittels Carbon-Grafen (Heizelement), zu beheizende Fl\u00e4che bis 6m2 \u2022 Oberfl\u00e4che: glatt \u2022 Farbe: Fotodruck nach Wahl \u2022 Dreileiter-Stromversorgung (Neutralleiter, Phase und Schaltleiter) \u2022 Beleuchtungsart: direkt 1x LED-Spot \u2022 Beleuchtung ein\/aus: \u00fcber vorhandenen Wandschalter \u2022 Heizung ein\/aus: voll programmierbarer drahtloser WiFi-Thermostat-Basis-LCD-Bildschirm \u2022 komplett mit: Befestigungsmaterial, Bohrschablone, Handbuch, Verpackung-Versandkosten","og_url":"https:\/\/orange-infrared.com\/de\/shop\/galaxy-mini-p3di310iws\/","og_site_name":"Orange Infrared - Heating Solutions","article_modified_time":"2021-08-22T20:04:39+00:00","og_image":[{"width":800,"height":600,"url":"https:\/\/i0.wp.com\/orange-infrared.com\/wp-content\/uploads\/2021\/07\/galaxy-mini-smal.jpg?fit=800%2C600&ssl=1","type":"image\/jpeg"}],"twitter_card":"summary_large_image","twitter_misc":{"Gesch\u00e4tzte Lesezeit":"2\u00a0Minuten"},"schema":{"@context":"https:\/\/schema.org","@graph":[{"@type":"WebPage","@id":"https:\/\/orange-infrared.com\/de\/shop\/galaxy-mini-p3di310iws\/","url":"https:\/\/orange-infrared.com\/de\/shop\/galaxy-mini-p3di310iws\/","name":"Galaxy Mini-P3di310iWS - Orange Infrared - Heating Solutions","isPartOf":{"@id":"https:\/\/orange-infrared.com\/de\/#website"},"primaryImageOfPage":{"@id":"https:\/\/orange-infrared.com\/de\/shop\/galaxy-mini-p3di310iws\/#primaryimage"},"image":{"@id":"https:\/\/orange-infrared.com\/de\/shop\/galaxy-mini-p3di310iws\/#primaryimage"},"thumbnailUrl":"https:\/\/i0.wp.com\/orange-infrared.com\/wp-content\/uploads\/2021\/07\/galaxy-mini-smal.jpg?fit=800%2C600&ssl=1","datePublished":"2021-08-11T12:00:46+00:00","dateModified":"2021-08-22T20:04:39+00:00","breadcrumb":{"@id":"https:\/\/orange-infrared.com\/de\/shop\/galaxy-mini-p3di310iws\/#breadcrumb"},"inLanguage":"de","potentialAction":[{"@type":"ReadAction","target":["https:\/\/orange-infrared.com\/de\/shop\/galaxy-mini-p3di310iws\/"]}]},{"@type":"ImageObject","inLanguage":"de","@id":"https:\/\/orange-infrared.com\/de\/shop\/galaxy-mini-p3di310iws\/#primaryimage","url":"https:\/\/i0.wp.com\/orange-infrared.com\/wp-content\/uploads\/2021\/07\/galaxy-mini-smal.jpg?fit=800%2C600&ssl=1","contentUrl":"https:\/\/i0.wp.com\/orange-infrared.com\/wp-content\/uploads\/2021\/07\/galaxy-mini-smal.jpg?fit=800%2C600&ssl=1","width":800,"height":600,"caption":"Galaxie Mini"},{"@type":"BreadcrumbList","@id":"https:\/\/orange-infrared.com\/de\/shop\/galaxy-mini-p3di310iws\/#breadcrumb","itemListElement":[{"@type":"ListItem","position":1,"name":"Home","item":"https:\/\/orange-infrared.com\/de\/"},{"@type":"ListItem","position":2,"name":"Shop","item":"https:\/\/orange-infrared.com\/de\/shop\/"},{"@type":"ListItem","position":3,"name":"Galaxy Mini-P3di310iWS"}]},{"@type":"WebSite","@id":"https:\/\/orange-infrared.com\/de\/#website","url":"https:\/\/orange-infrared.com\/de\/","name":"Orange Infrared - Heating Solutions","description":"verwamingsproducten met ge\u00efntegreerde verlichting","publisher":{"@id":"https:\/\/orange-infrared.com\/de\/#organization"},"potentialAction":[{"@type":"SearchAction","target":{"@type":"EntryPoint","urlTemplate":"https:\/\/orange-infrared.com\/de\/?s={search_term_string}"},"query-input":{"@type":"PropertyValueSpecification","valueRequired":true,"valueName":"search_term_string"}}],"inLanguage":"de"},{"@type":"Organization","@id":"https:\/\/orange-infrared.com\/de\/#organization","name":"Orange Infrared Heating Solutions","url":"https:\/\/orange-infrared.com\/de\/","logo":{"@type":"ImageObject","inLanguage":"de","@id":"https:\/\/orange-infrared.com\/de\/#\/schema\/logo\/image\/","url":"https:\/\/orange-infrared.com\/wp-content\/uploads\/2021\/06\/cropped-flavico-1.png","contentUrl":"https:\/\/orange-infrared.com\/wp-content\/uploads\/2021\/06\/cropped-flavico-1.png","width":512,"height":512,"caption":"Orange Infrared Heating Solutions"},"image":{"@id":"https:\/\/orange-infrared.com\/de\/#\/schema\/logo\/image\/"},"sameAs":["https:\/\/www.youtube.com\/channel\/UCaSa-j8Uaxa9Mg-5MY1LM1A"]}]}},"jetpack-related-posts":[],"jetpack_sharing_enabled":true,"_links":{"self":[{"href":"https:\/\/orange-infrared.com\/de\/wp-json\/wp\/v2\/product\/3490","targetHints":{"allow":["GET"]}}],"collection":[{"href":"https:\/\/orange-infrared.com\/de\/wp-json\/wp\/v2\/product"}],"about":[{"href":"https:\/\/orange-infrared.com\/de\/wp-json\/wp\/v2\/types\/product"}],"wp:featuredmedia":[{"embeddable":true,"href":"https:\/\/orange-infrared.com\/de\/wp-json\/wp\/v2\/media\/2952"}],"wp:attachment":[{"href":"https:\/\/orange-infrared.com\/de\/wp-json\/wp\/v2\/media?parent=3490"}],"wp:term":[{"taxonomy":"product_brand","embeddable":true,"href":"https:\/\/orange-infrared.com\/de\/wp-json\/wp\/v2\/product_brand?post=3490"},{"taxonomy":"product_cat","embeddable":true,"href":"https:\/\/orange-infrared.com\/de\/wp-json\/wp\/v2\/product_cat?post=3490"},{"taxonomy":"product_tag","embeddable":true,"href":"https:\/\/orange-infrared.com\/de\/wp-json\/wp\/v2\/product_tag?post=3490"}],"curies":[{"name":"wp","href":"https:\/\/api.w.org\/{rel}","templated":true}]}}