{"id":3652,"date":"2021-07-28T12:38:54","date_gmt":"2021-08-13T12:42:20","guid":{"rendered":"https:\/\/orange-infrared.com\/winkel\/galaxy-mini-c2di310iws-2\/"},"modified":"2021-08-13T12:42:51","modified_gmt":"2021-08-13T12:42:51","slug":"galaxy-mini-c2di310iws-2","status":"publish","type":"product","link":"https:\/\/orange-infrared.com\/en\/shop\/galaxy-mini-c2di310iws-2\/","title":{"rendered":"Galaxy Mini-C2di310iWS"},"content":{"rendered":"<p><strong>Infrarotstrahlung Panel size approx. 60(l)x60(w) x 5(h)cm<\/strong><br \/>\n\u2022 the Galaxy Panel with a single Heizleistung of approx. 300 Watt and eignet sich zur Hauptheizung von R\u00e4umen bis 6m2 Grundfl\u00e4che (B\u00e4der 3-4 m2)<br \/>\n\u2022 Oberfl\u00e4chenstruktur: glatt<br \/>\n\u2022 Farbe: Standard-RAL-Farbe Ihrer Wahl<br \/>\n\u2022 Quality: Class 1 (h\u00f6chste Umwandlung in Infrarotstrahlung) durch Carbon\/Graphen (Nano) Infrarotstrahlungselement (Infrarotpanel)<br \/>\n\u2022 besonders geeignet zur Zusatz- oder Hauptheizung einer Toilette oder eines kleinen Badezimmers<br \/>\n\u2022 attraktives Design, rahmenlose und schr\u00e4ge R\u00fcckseiten f\u00fcr einen schlanken \u201eFloating-Effekt\u201c<br \/>\n\u2022 sehr leicht, nur 3.0 kg und daher an fast allen Decken montierbar<br \/>\n\u2022 die Au\u00dfenseite des Panels including Heizelement ist aus Kunststoff und somit korrosionsfrei, IP class 44, durch diese Kunststoffkonstruktion ist keine Erdung erforderlich<br \/>\n\u2022 that Element is one 100% wartungsfreie Heizung (au\u00dfer bei Batteriewechsel)<br \/>\n\u2022 die integrierte Beleuchtung besteht aus einer sparsamen (A+) LED-Lampe, Verbrauch approx. 7 Watt (460 Lm vergleichbar mit 40 Watt traditionell), Lichtfarbe: warmwei\u00df 2,700K, Beleuchtungswinkel: 110 Grad System: 3-stufig dimmbar 25 %-50% 100%. Boat LED at 100%<br \/>\n\u2022 Anschluss an vorhandene Lichtpunktverkabelung: 2-wire: Null- (blau) und Schaltader (schwarz) reicht f\u00fcr die Installation aus, Heizung und Beleuchtung were drahtlos getrennt voneinander schaltet<br \/>\n\u2022 die Heizung schhaltet sich mit dem mitgelieferten Funk-Thermostat Basic LCD-Display ein, can auch manuell be operated (Batterien 2x AA im Lieferumfang enthalten), Ein\/Aus ist im Display und \u00fcber die Signal-LED an der Seite des Panels (am 1x Ende) sight bar Face)<br \/>\n\u2022 die Lichtschalter mit einem drahtlosen (with Knopfbatterie enthalten) Wandschalter (im Lieferumfang enthalten) 80x80x15mm, zur Montage an einer vorhandenen Wandsteckdose<br \/>\n\u2022 Die Montage\/Installation besteht im Allgemeinen aus dem Anbringen der Bohrschablone, dem Bohren von 4 L\u00f6chern, dem Anbringen von D\u00fcbeln und Befestigungsschrauben, dem Anschlie\u00dfen der Deckenverkabelung an das Panel und dem Anbringen von Wandschalter. Dies can in the rule innerhalb von 2 Stunden be erreicht<br \/>\n\u2022 Lieferung komplett mit Anleitung, Bohr-\/Montageschablone und Befestigungselements<br \/>\n\u2022 Sie erhalten 12 years Product guarantee on the Galaxy-Heizelement, 5 years on the others Elemente im Paket<\/p>\n<p>&nbsp;<\/p>\n","protected":false},"excerpt":{"rendered":"<p><span style=\"color: #333333;\"><strong>Infrarot-Heizpanel mit integrierter Beleuchtung:<\/strong><\/span><br \/>\n\u2022 Abmessungen: 60 (W) x 60 (L) x 5 (H) cm<br \/>\n\u2022 Heizleistung: 300 Watt mittels Carbon-Grafen (Heizelement), zu beheizende Fl\u00e4che bis 6m2<br \/>\n\u2022 Oberfl\u00e4che: glatt<br \/>\n\u2022 Farbe: Standard-RAL-Farbe after Wahl<br \/>\n\u2022 Zweidraht-Stromversorgung (Neutral- und Schaltdraht)<br \/>\n\u2022 Beleuchtungsart: direct 1x LED Spot<br \/>\n\u2022 Beleuchtung ein\/aus: cable release Wandschalter<br \/>\n\u2022 Heizung ein\/aus: fully programmable drahtloser WiFi-Thermostat-Basic-LCD-Bildschirm<br \/>\n\u2022 complete with: Befestigungsmaterial, Bohrschablone, Handbuch, Verpackung-Versandkosten<\/p>\n","protected":false},"featured_media":2951,"template":"","meta":{"_monsterinsights_skip_tracking":false,"_monsterinsights_sitenote_active":false,"_monsterinsights_sitenote_note":"","_monsterinsights_sitenote_category":0,"site-sidebar-layout":"default","site-content-layout":"default","ast-global-header-display":"","ast-banner-title-visibility":"","ast-main-header-display":"","ast-hfb-above-header-display":"","ast-hfb-below-header-display":"","ast-hfb-mobile-header-display":"","site-post-title":"","ast-breadcrumbs-content":"","ast-featured-img":"","footer-sml-layout":"","theme-transparent-header-meta":"default","adv-header-id-meta":"","stick-header-meta":"","header-above-stick-meta":"","header-main-stick-meta":"","header-below-stick-meta":""},"product_brand":[],"product_cat":[72],"product_tag":[78],"class_list":{"0":"post-3652","1":"product","2":"type-product","3":"status-publish","4":"has-post-thumbnail","6":"product_cat-galaxy-mini-en","7":"product_tag-2-wire","8":"pa_kleur-paneel-ral-color","9":"pa_type-aansluiting-2-wire-standard","10":"pa_type-schakelaar-verlichting-wireless-wall-switch","11":"pa_type-thermostaat-wifi-thermostat-programmable-310irf","12":"pa_type-verlichting-direct-illumination-by-led-spotlights","13":"desktop-align-left","14":"tablet-align-left","15":"mobile-align-left","17":"first","18":"instock","19":"sale","20":"taxable","21":"shipping-taxable","22":"purchasable","23":"product-type-simple"},"yoast_head":"<!-- This site is optimized with the Yoast SEO Premium plugin v26.6 (Yoast SEO v27.3) - https:\/\/yoast.com\/product\/yoast-seo-premium-wordpress\/ -->\n<title>Galaxy Mini-C2di310iWS - Orange Infrared - Heating Solutions<\/title>\n<meta name=\"robots\" content=\"index, follow, max-snippet:-1, max-image-preview:large, max-video-preview:-1\" \/>\n<link rel=\"canonical\" href=\"https:\/\/orange-infrared.com\/en\/shop\/galaxy-mini-c2di310iws-2\/\" \/>\n<meta property=\"og:locale\" content=\"en_US\" \/>\n<meta property=\"og:type\" content=\"article\" \/>\n<meta property=\"og:title\" content=\"Galaxy Mini-C2di310iWS\" \/>\n<meta property=\"og:description\" content=\"Infrarot-Heizpanel mit integrierter Beleuchtung: \u2022 Abmessungen: 60 (W) x 60 (L) x 5 (H) cm \u2022 Heizleistung: 300 Watt mittels Carbon-Grafen (Heizelement), zu beheizende Fl\u00e4che bis 6m2 \u2022 Oberfl\u00e4che: glatt \u2022 Farbe: Standard-RAL-Farbe after Wahl \u2022 Zweidraht-Stromversorgung (Neutral- und Schaltdraht) \u2022 Beleuchtungsart: direct 1x LED Spot \u2022 Beleuchtung ein\/aus: cable release Wandschalter \u2022 Heizung ein\/aus: fully programmable drahtloser WiFi-Thermostat-Basic-LCD-Bildschirm \u2022 complete with: Befestigungsmaterial, Bohrschablone, Handbuch, Verpackung-Versandkosten\" \/>\n<meta property=\"og:url\" content=\"https:\/\/orange-infrared.com\/en\/shop\/galaxy-mini-c2di310iws-2\/\" \/>\n<meta property=\"og:site_name\" content=\"Orange Infrared - Heating Solutions\" \/>\n<meta property=\"article:modified_time\" content=\"2021-08-13T12:42:51+00:00\" \/>\n<meta property=\"og:image\" content=\"https:\/\/i0.wp.com\/orange-infrared.com\/wp-content\/uploads\/2021\/07\/galaxy-mini-smal.jpg?fit=800%2C600&ssl=1\" \/>\n\t<meta property=\"og:image:width\" content=\"800\" \/>\n\t<meta property=\"og:image:height\" content=\"600\" \/>\n\t<meta property=\"og:image:type\" content=\"image\/jpeg\" \/>\n<meta name=\"twitter:card\" content=\"summary_large_image\" \/>\n<meta name=\"twitter:label1\" content=\"Est. reading time\" \/>\n\t<meta name=\"twitter:data1\" content=\"2 minutes\" \/>\n<script type=\"application\/ld+json\" class=\"yoast-schema-graph\">{\"@context\":\"https:\\\/\\\/schema.org\",\"@graph\":[{\"@type\":\"WebPage\",\"@id\":\"https:\\\/\\\/orange-infrared.com\\\/en\\\/shop\\\/galaxy-mini-c2di310iws-2\\\/\",\"url\":\"https:\\\/\\\/orange-infrared.com\\\/en\\\/shop\\\/galaxy-mini-c2di310iws-2\\\/\",\"name\":\"Galaxy Mini-C2di310iWS - Orange Infrared - Heating Solutions\",\"isPartOf\":{\"@id\":\"https:\\\/\\\/orange-infrared.com\\\/en\\\/#website\"},\"primaryImageOfPage\":{\"@id\":\"https:\\\/\\\/orange-infrared.com\\\/en\\\/shop\\\/galaxy-mini-c2di310iws-2\\\/#primaryimage\"},\"image\":{\"@id\":\"https:\\\/\\\/orange-infrared.com\\\/en\\\/shop\\\/galaxy-mini-c2di310iws-2\\\/#primaryimage\"},\"thumbnailUrl\":\"https:\\\/\\\/i0.wp.com\\\/orange-infrared.com\\\/wp-content\\\/uploads\\\/2021\\\/07\\\/galaxy-mini-smal.jpg?fit=800%2C600&ssl=1\",\"datePublished\":\"2021-08-13T12:42:20+00:00\",\"dateModified\":\"2021-08-13T12:42:51+00:00\",\"breadcrumb\":{\"@id\":\"https:\\\/\\\/orange-infrared.com\\\/en\\\/shop\\\/galaxy-mini-c2di310iws-2\\\/#breadcrumb\"},\"inLanguage\":\"en-US\",\"potentialAction\":[{\"@type\":\"ReadAction\",\"target\":[\"https:\\\/\\\/orange-infrared.com\\\/en\\\/shop\\\/galaxy-mini-c2di310iws-2\\\/\"]}]},{\"@type\":\"ImageObject\",\"inLanguage\":\"en-US\",\"@id\":\"https:\\\/\\\/orange-infrared.com\\\/en\\\/shop\\\/galaxy-mini-c2di310iws-2\\\/#primaryimage\",\"url\":\"https:\\\/\\\/i0.wp.com\\\/orange-infrared.com\\\/wp-content\\\/uploads\\\/2021\\\/07\\\/galaxy-mini-smal.jpg?fit=800%2C600&ssl=1\",\"contentUrl\":\"https:\\\/\\\/i0.wp.com\\\/orange-infrared.com\\\/wp-content\\\/uploads\\\/2021\\\/07\\\/galaxy-mini-smal.jpg?fit=800%2C600&ssl=1\",\"width\":800,\"height\":600,\"caption\":\"galaxy mini\"},{\"@type\":\"BreadcrumbList\",\"@id\":\"https:\\\/\\\/orange-infrared.com\\\/en\\\/shop\\\/galaxy-mini-c2di310iws-2\\\/#breadcrumb\",\"itemListElement\":[{\"@type\":\"ListItem\",\"position\":1,\"name\":\"Home\",\"item\":\"https:\\\/\\\/orange-infrared.com\\\/en\\\/\"},{\"@type\":\"ListItem\",\"position\":2,\"name\":\"Store\",\"item\":\"https:\\\/\\\/orange-infrared.com\\\/en\\\/shop\\\/\"},{\"@type\":\"ListItem\",\"position\":3,\"name\":\"Galaxy Mini-C2di310iWS\"}]},{\"@type\":\"WebSite\",\"@id\":\"https:\\\/\\\/orange-infrared.com\\\/en\\\/#website\",\"url\":\"https:\\\/\\\/orange-infrared.com\\\/en\\\/\",\"name\":\"Orange Infrared - Heating Solutions\",\"description\":\"verwamingsproducten met ge\u00efntegreerde verlichting\",\"publisher\":{\"@id\":\"https:\\\/\\\/orange-infrared.com\\\/en\\\/#organization\"},\"potentialAction\":[{\"@type\":\"SearchAction\",\"target\":{\"@type\":\"EntryPoint\",\"urlTemplate\":\"https:\\\/\\\/orange-infrared.com\\\/en\\\/?s={search_term_string}\"},\"query-input\":{\"@type\":\"PropertyValueSpecification\",\"valueRequired\":true,\"valueName\":\"search_term_string\"}}],\"inLanguage\":\"en-US\"},{\"@type\":\"Organization\",\"@id\":\"https:\\\/\\\/orange-infrared.com\\\/en\\\/#organization\",\"name\":\"Orange Infrared Heating Solutions\",\"url\":\"https:\\\/\\\/orange-infrared.com\\\/en\\\/\",\"logo\":{\"@type\":\"ImageObject\",\"inLanguage\":\"en-US\",\"@id\":\"https:\\\/\\\/orange-infrared.com\\\/en\\\/#\\\/schema\\\/logo\\\/image\\\/\",\"url\":\"https:\\\/\\\/orange-infrared.com\\\/wp-content\\\/uploads\\\/2021\\\/06\\\/cropped-flavico-1.png\",\"contentUrl\":\"https:\\\/\\\/orange-infrared.com\\\/wp-content\\\/uploads\\\/2021\\\/06\\\/cropped-flavico-1.png\",\"width\":512,\"height\":512,\"caption\":\"Orange Infrared Heating Solutions\"},\"image\":{\"@id\":\"https:\\\/\\\/orange-infrared.com\\\/en\\\/#\\\/schema\\\/logo\\\/image\\\/\"},\"sameAs\":[\"https:\\\/\\\/www.youtube.com\\\/channel\\\/UCaSa-j8Uaxa9Mg-5MY1LM1A\"]}]}<\/script>\n<!-- \/ Yoast SEO Premium plugin. -->","yoast_head_json":{"title":"Galaxy Mini-C2di310iWS - Orange Infrared - Heating Solutions","robots":{"index":"index","follow":"follow","max-snippet":"max-snippet:-1","max-image-preview":"max-image-preview:large","max-video-preview":"max-video-preview:-1"},"canonical":"https:\/\/orange-infrared.com\/en\/shop\/galaxy-mini-c2di310iws-2\/","og_locale":"en_US","og_type":"article","og_title":"Galaxy Mini-C2di310iWS","og_description":"Infrarot-Heizpanel mit integrierter Beleuchtung: \u2022 Abmessungen: 60 (W) x 60 (L) x 5 (H) cm \u2022 Heizleistung: 300 Watt mittels Carbon-Grafen (Heizelement), zu beheizende Fl\u00e4che bis 6m2 \u2022 Oberfl\u00e4che: glatt \u2022 Farbe: Standard-RAL-Farbe after Wahl \u2022 Zweidraht-Stromversorgung (Neutral- und Schaltdraht) \u2022 Beleuchtungsart: direct 1x LED Spot \u2022 Beleuchtung ein\/aus: cable release Wandschalter \u2022 Heizung ein\/aus: fully programmable drahtloser WiFi-Thermostat-Basic-LCD-Bildschirm \u2022 complete with: Befestigungsmaterial, Bohrschablone, Handbuch, Verpackung-Versandkosten","og_url":"https:\/\/orange-infrared.com\/en\/shop\/galaxy-mini-c2di310iws-2\/","og_site_name":"Orange Infrared - Heating Solutions","article_modified_time":"2021-08-13T12:42:51+00:00","og_image":[{"width":800,"height":600,"url":"https:\/\/i0.wp.com\/orange-infrared.com\/wp-content\/uploads\/2021\/07\/galaxy-mini-smal.jpg?fit=800%2C600&ssl=1","type":"image\/jpeg"}],"twitter_card":"summary_large_image","twitter_misc":{"Est. reading time":"2 minutes"},"schema":{"@context":"https:\/\/schema.org","@graph":[{"@type":"WebPage","@id":"https:\/\/orange-infrared.com\/en\/shop\/galaxy-mini-c2di310iws-2\/","url":"https:\/\/orange-infrared.com\/en\/shop\/galaxy-mini-c2di310iws-2\/","name":"Galaxy Mini-C2di310iWS - Orange Infrared - Heating Solutions","isPartOf":{"@id":"https:\/\/orange-infrared.com\/en\/#website"},"primaryImageOfPage":{"@id":"https:\/\/orange-infrared.com\/en\/shop\/galaxy-mini-c2di310iws-2\/#primaryimage"},"image":{"@id":"https:\/\/orange-infrared.com\/en\/shop\/galaxy-mini-c2di310iws-2\/#primaryimage"},"thumbnailUrl":"https:\/\/i0.wp.com\/orange-infrared.com\/wp-content\/uploads\/2021\/07\/galaxy-mini-smal.jpg?fit=800%2C600&ssl=1","datePublished":"2021-08-13T12:42:20+00:00","dateModified":"2021-08-13T12:42:51+00:00","breadcrumb":{"@id":"https:\/\/orange-infrared.com\/en\/shop\/galaxy-mini-c2di310iws-2\/#breadcrumb"},"inLanguage":"en-US","potentialAction":[{"@type":"ReadAction","target":["https:\/\/orange-infrared.com\/en\/shop\/galaxy-mini-c2di310iws-2\/"]}]},{"@type":"ImageObject","inLanguage":"en-US","@id":"https:\/\/orange-infrared.com\/en\/shop\/galaxy-mini-c2di310iws-2\/#primaryimage","url":"https:\/\/i0.wp.com\/orange-infrared.com\/wp-content\/uploads\/2021\/07\/galaxy-mini-smal.jpg?fit=800%2C600&ssl=1","contentUrl":"https:\/\/i0.wp.com\/orange-infrared.com\/wp-content\/uploads\/2021\/07\/galaxy-mini-smal.jpg?fit=800%2C600&ssl=1","width":800,"height":600,"caption":"galaxy mini"},{"@type":"BreadcrumbList","@id":"https:\/\/orange-infrared.com\/en\/shop\/galaxy-mini-c2di310iws-2\/#breadcrumb","itemListElement":[{"@type":"ListItem","position":1,"name":"Home","item":"https:\/\/orange-infrared.com\/en\/"},{"@type":"ListItem","position":2,"name":"Store","item":"https:\/\/orange-infrared.com\/en\/shop\/"},{"@type":"ListItem","position":3,"name":"Galaxy Mini-C2di310iWS"}]},{"@type":"WebSite","@id":"https:\/\/orange-infrared.com\/en\/#website","url":"https:\/\/orange-infrared.com\/en\/","name":"Orange Infrared - Heating Solutions","description":"verwamingsproducten met ge\u00efntegreerde verlichting","publisher":{"@id":"https:\/\/orange-infrared.com\/en\/#organization"},"potentialAction":[{"@type":"SearchAction","target":{"@type":"EntryPoint","urlTemplate":"https:\/\/orange-infrared.com\/en\/?s={search_term_string}"},"query-input":{"@type":"PropertyValueSpecification","valueRequired":true,"valueName":"search_term_string"}}],"inLanguage":"en-US"},{"@type":"Organization","@id":"https:\/\/orange-infrared.com\/en\/#organization","name":"Orange Infrared Heating Solutions","url":"https:\/\/orange-infrared.com\/en\/","logo":{"@type":"ImageObject","inLanguage":"en-US","@id":"https:\/\/orange-infrared.com\/en\/#\/schema\/logo\/image\/","url":"https:\/\/orange-infrared.com\/wp-content\/uploads\/2021\/06\/cropped-flavico-1.png","contentUrl":"https:\/\/orange-infrared.com\/wp-content\/uploads\/2021\/06\/cropped-flavico-1.png","width":512,"height":512,"caption":"Orange Infrared Heating Solutions"},"image":{"@id":"https:\/\/orange-infrared.com\/en\/#\/schema\/logo\/image\/"},"sameAs":["https:\/\/www.youtube.com\/channel\/UCaSa-j8Uaxa9Mg-5MY1LM1A"]}]}},"jetpack-related-posts":[],"jetpack_sharing_enabled":true,"_links":{"self":[{"href":"https:\/\/orange-infrared.com\/en\/wp-json\/wp\/v2\/product\/3652","targetHints":{"allow":["GET"]}}],"collection":[{"href":"https:\/\/orange-infrared.com\/en\/wp-json\/wp\/v2\/product"}],"about":[{"href":"https:\/\/orange-infrared.com\/en\/wp-json\/wp\/v2\/types\/product"}],"wp:featuredmedia":[{"embeddable":true,"href":"https:\/\/orange-infrared.com\/en\/wp-json\/wp\/v2\/media\/2951"}],"wp:attachment":[{"href":"https:\/\/orange-infrared.com\/en\/wp-json\/wp\/v2\/media?parent=3652"}],"wp:term":[{"taxonomy":"product_brand","embeddable":true,"href":"https:\/\/orange-infrared.com\/en\/wp-json\/wp\/v2\/product_brand?post=3652"},{"taxonomy":"product_cat","embeddable":true,"href":"https:\/\/orange-infrared.com\/en\/wp-json\/wp\/v2\/product_cat?post=3652"},{"taxonomy":"product_tag","embeddable":true,"href":"https:\/\/orange-infrared.com\/en\/wp-json\/wp\/v2\/product_tag?post=3652"}],"curies":[{"name":"wp","href":"https:\/\/api.w.org\/{rel}","templated":true}]}}